{"id":212,"date":"2021-02-19T14:30:46","date_gmt":"2021-02-19T17:30:46","guid":{"rendered":"http:\/\/abrapalabraediciones.com\/?page_id=212"},"modified":"2021-04-30T11:06:25","modified_gmt":"2021-04-30T14:06:25","slug":"se-parte-de-la-magia-infinita","status":"publish","type":"page","link":"https:\/\/abrapalabraediciones.com\/index.php\/macias-lubkov-y-la-magia-infinita\/se-parte-de-la-magia-infinita\/","title":{"rendered":"S\u00e9 parte de &#8220;La magia infinita&#8221;"},"content":{"rendered":"<body>\n<p>El viernes 7 de junio a las 20:00 hs. se realizar\u00e1 el evento de presentaci\u00f3n de la novela. Ser\u00e1 una transmisi\u00f3n en vivo a trav\u00e9s de YouTube.<\/p>\n\n\n\n<p>Nos gustar\u00eda que est\u00e9s all\u00ed, compartiendo este sencillo pero emotivo evento con nosotros. <\/p>\n\n\n\n<p>Para unirte a la transmisi\u00f3n, usa el siguiente link:<\/p>\n\n\n\n<p><a href=\"https:\/\/youtu.be\/D-287sZfeRY\">https:\/\/youtu.be\/D-287sZfeRY<\/a><\/p>\n\n\n\n<figure class=\"wp-block-image size-large\"><a href=\"https:\/\/youtu.be\/D-287sZfeRY\"><img data-recalc-dims=\"1\" decoding=\"async\" width=\"525\" height=\"295\" src=\"https:\/\/i0.wp.com\/abrapalabraediciones.com\/wp-content\/uploads\/2021\/04\/Presentacion-en-vivo.jpg?resize=525%2C295\" alt=\"\" class=\"wp-image-359\" loading=\"lazy\" srcset=\"https:\/\/i0.wp.com\/abrapalabraediciones.com\/wp-content\/uploads\/2021\/04\/Presentacion-en-vivo.jpg?resize=1024%2C576&amp;ssl=1 1024w, https:\/\/i0.wp.com\/abrapalabraediciones.com\/wp-content\/uploads\/2021\/04\/Presentacion-en-vivo.jpg?resize=300%2C169&amp;ssl=1 300w, https:\/\/i0.wp.com\/abrapalabraediciones.com\/wp-content\/uploads\/2021\/04\/Presentacion-en-vivo.jpg?resize=768%2C432&amp;ssl=1 768w, https:\/\/i0.wp.com\/abrapalabraediciones.com\/wp-content\/uploads\/2021\/04\/Presentacion-en-vivo.jpg?w=1280&amp;ssl=1 1280w\" sizes=\"(max-width: 767px) 89vw, (max-width: 1000px) 54vw, (max-width: 1071px) 543px, 580px\" \/><\/a><\/figure>\n\n\n\n<p><strong><a href=\"http:\/\/abrapalabraediciones.com\/index.php\/adquirir-ejemplares\/\">Si deseas adquirir ejemplares de la novela, haz clic aqu\u00ed<\/a><\/strong><\/p>\n<\/body>","protected":false},"excerpt":{"rendered":"<p>El viernes 7 de junio a las 20:00 hs. se realizar\u00e1 el evento de presentaci\u00f3n de la novela. Ser\u00e1 una transmisi\u00f3n en vivo a trav\u00e9s de YouTube. Nos gustar\u00eda que est\u00e9s all\u00ed, compartiendo este sencillo pero emotivo evento con nosotros. Para unirte a la transmisi\u00f3n, usa el siguiente link: https:\/\/youtu.be\/D-287sZfeRY Si deseas adquirir ejemplares de &hellip; <\/p>\n<p class=\"link-more\"><a href=\"https:\/\/abrapalabraediciones.com\/index.php\/macias-lubkov-y-la-magia-infinita\/se-parte-de-la-magia-infinita\/\" class=\"more-link\">Continue reading<span class=\"screen-reader-text\"> &#8220;S\u00e9 parte de &#8220;La magia infinita&#8221;&#8221;<\/span><\/a><\/p>\n","protected":false},"author":3,"featured_media":0,"parent":202,"menu_order":-2,"comment_status":"closed","ping_status":"closed","template":"","meta":{"om_disable_all_campaigns":false,"_monsterinsights_skip_tracking":false,"_monsterinsights_sitenote_active":false,"_monsterinsights_sitenote_note":"","_monsterinsights_sitenote_category":0,"_joinchat":[],"footnotes":""},"class_list":["post-212","page","type-page","status-publish","hentry"],"jetpack_sharing_enabled":true,"_links":{"self":[{"href":"https:\/\/abrapalabraediciones.com\/index.php\/wp-json\/wp\/v2\/pages\/212"}],"collection":[{"href":"https:\/\/abrapalabraediciones.com\/index.php\/wp-json\/wp\/v2\/pages"}],"about":[{"href":"https:\/\/abrapalabraediciones.com\/index.php\/wp-json\/wp\/v2\/types\/page"}],"author":[{"embeddable":true,"href":"https:\/\/abrapalabraediciones.com\/index.php\/wp-json\/wp\/v2\/users\/3"}],"replies":[{"embeddable":true,"href":"https:\/\/abrapalabraediciones.com\/index.php\/wp-json\/wp\/v2\/comments?post=212"}],"version-history":[{"count":4,"href":"https:\/\/abrapalabraediciones.com\/index.php\/wp-json\/wp\/v2\/pages\/212\/revisions"}],"predecessor-version":[{"id":366,"href":"https:\/\/abrapalabraediciones.com\/index.php\/wp-json\/wp\/v2\/pages\/212\/revisions\/366"}],"up":[{"embeddable":true,"href":"https:\/\/abrapalabraediciones.com\/index.php\/wp-json\/wp\/v2\/pages\/202"}],"wp:attachment":[{"href":"https:\/\/abrapalabraediciones.com\/index.php\/wp-json\/wp\/v2\/media?parent=212"}],"curies":[{"name":"wp","href":"https:\/\/api.w.org\/{rel}","templated":true}]}}