{"id":202,"date":"2021-02-19T12:49:49","date_gmt":"2021-02-19T15:49:49","guid":{"rendered":"http:\/\/abrapalabraediciones.com\/?page_id=202"},"modified":"2021-06-15T20:14:56","modified_gmt":"2021-06-15T23:14:56","slug":"macias-lubkov-y-la-magia-infinita","status":"publish","type":"page","link":"https:\/\/abrapalabraediciones.com\/index.php\/macias-lubkov-y-la-magia-infinita\/","title":{"rendered":"Sobre la historia"},"content":{"rendered":"<body>\n<figure class=\"wp-block-embed is-type-video is-provider-youtube wp-block-embed-youtube wp-embed-aspect-16-9 wp-has-aspect-ratio\"><div class=\"wp-block-embed__wrapper\">\n<iframe loading=\"lazy\" title=\"Mac\u00edas Lubkov y La Magia Infinita - Book trailer\" width=\"525\" height=\"295\" src=\"https:\/\/www.youtube.com\/embed\/OSSqVNwklFI?feature=oembed\" frameborder=\"0\" allow=\"accelerometer; autoplay; clipboard-write; encrypted-media; gyroscope; picture-in-picture; web-share\" referrerpolicy=\"strict-origin-when-cross-origin\" allowfullscreen><\/iframe>\n<\/div><\/figure>\n\n\n\n<p>La magia existe y se manifiesta en los lugares m\u00e1s<br>inesperados. De pronto est\u00e1s ah\u00ed, sinti\u00e9ndote muy poca cosa,<br>lleno de preguntas que nadie contesta y, cuando pens\u00e1s que<br>nada puede ir peor, la magia te invade y te lleva de la mano <br>para que vivas cosas extraordinarias y encuentres<br>respuestas y m\u00e1s preguntas.<br>Este libro es un portal a una aventura llena de magia.<br>Animate a vivirla con Mac\u00edas, seguro que no te arrepentir\u00e1s.<\/p>\n\n\n\n<h2 class=\"has-text-align-center wp-block-heading\"><a href=\"http:\/\/abrapalabraediciones.com\/index.php\/macias-lubkov-y-la-magia-infinita\/se-parte-de-la-magia-infinita\/\"><strong>Adquirir un ejemplar<\/strong><\/a><\/h2>\n\n\n\n<p class=\"has-text-align-center\"><strong><a href=\"http:\/\/abrapalabraediciones.com\/index.php\/sobre-la-novela\/\">Sobre la novela<\/a><\/strong><\/p>\n<\/body>","protected":false},"excerpt":{"rendered":"<p>La magia existe y se manifiesta en los lugares m\u00e1sinesperados. De pronto est\u00e1s ah\u00ed, sinti\u00e9ndote muy poca cosa,lleno de preguntas que nadie contesta y, cuando pens\u00e1s quenada puede ir peor, la magia te invade y te lleva de la mano para que vivas cosas extraordinarias y encuentresrespuestas y m\u00e1s preguntas.Este libro es un portal a &hellip; <\/p>\n<p class=\"link-more\"><a href=\"https:\/\/abrapalabraediciones.com\/index.php\/macias-lubkov-y-la-magia-infinita\/\" class=\"more-link\">Continue reading<span class=\"screen-reader-text\"> &#8220;Sobre la historia&#8221;<\/span><\/a><\/p>\n","protected":false},"author":3,"featured_media":0,"parent":0,"menu_order":0,"comment_status":"closed","ping_status":"closed","template":"","meta":{"om_disable_all_campaigns":false,"_monsterinsights_skip_tracking":false,"_monsterinsights_sitenote_active":false,"_monsterinsights_sitenote_note":"","_monsterinsights_sitenote_category":0,"_joinchat":[],"footnotes":""},"class_list":["post-202","page","type-page","status-publish","hentry"],"jetpack_sharing_enabled":true,"_links":{"self":[{"href":"https:\/\/abrapalabraediciones.com\/index.php\/wp-json\/wp\/v2\/pages\/202"}],"collection":[{"href":"https:\/\/abrapalabraediciones.com\/index.php\/wp-json\/wp\/v2\/pages"}],"about":[{"href":"https:\/\/abrapalabraediciones.com\/index.php\/wp-json\/wp\/v2\/types\/page"}],"author":[{"embeddable":true,"href":"https:\/\/abrapalabraediciones.com\/index.php\/wp-json\/wp\/v2\/users\/3"}],"replies":[{"embeddable":true,"href":"https:\/\/abrapalabraediciones.com\/index.php\/wp-json\/wp\/v2\/comments?post=202"}],"version-history":[{"count":21,"href":"https:\/\/abrapalabraediciones.com\/index.php\/wp-json\/wp\/v2\/pages\/202\/revisions"}],"predecessor-version":[{"id":395,"href":"https:\/\/abrapalabraediciones.com\/index.php\/wp-json\/wp\/v2\/pages\/202\/revisions\/395"}],"wp:attachment":[{"href":"https:\/\/abrapalabraediciones.com\/index.php\/wp-json\/wp\/v2\/media?parent=202"}],"curies":[{"name":"wp","href":"https:\/\/api.w.org\/{rel}","templated":true}]}}